{"id":9,"date":"2026-02-07T16:49:45","date_gmt":"2026-02-07T21:49:45","guid":{"rendered":"https:\/\/bbathalon.dectim.ca\/TP2\/?page_id=9"},"modified":"2026-04-28T12:07:40","modified_gmt":"2026-04-28T16:07:40","slug":"a-propos","status":"publish","type":"page","link":"https:\/\/bbathalon.dectim.ca\/TP2\/a-propos\/","title":{"rendered":"\u00c0 Propos"},"content":{"rendered":"\n<div class=\"wp-block-group alignfull is-layout-constrained wp-container-core-group-is-layout-86ab959f wp-block-group-is-layout-constrained has-background\" style=\"margin-top:0;margin-bottom:0;padding-top:100px;padding-right:40px;padding-bottom:100px;padding-left:40px;background-image:url(&apos;https:\/\/bbathalon.dectim.ca\/TP2\/wp-content\/uploads\/2026\/04\/Frame-42-1.jpg&apos;);background-position:100% 50%;background-repeat:no-repeat;background-size:contain;\">\n<div class=\"wp-block-group alignwide is-vertical is-content-justification-left is-layout-flex wp-container-core-group-is-layout-43645f9d wp-block-group-is-layout-flex\" style=\"padding-top:100px;padding-right:0;padding-bottom:100px;padding-left:0\">\n<div class=\"wp-block-group alignwide animated fadeIn is-vertical is-content-justification-left is-layout-flex wp-container-core-group-is-layout-a1ab3408 wp-block-group-is-layout-flex\" style=\"padding-top:0;padding-right:0;padding-bottom:0;padding-left:0;line-height:0.8\">\n<h1 class=\"wp-block-heading has-text-align-left has-ast-global-color-3-color has-text-color has-link-color wp-elements-90dd952784a68f6113dd1d6508795968\">Un peu plus \u00e0 propos <\/h1>\n\n\n\n<h1 class=\"wp-block-heading has-text-align-left\">de nous.<\/h1>\n<\/div>\n\n\n\n<div class=\"wp-block-group is-layout-constrained wp-container-core-group-is-layout-704e782a wp-block-group-is-layout-constrained\">\n<p class=\"has-text-align-left animated fadeIn delay-200ms\" style=\"padding-right:0;padding-left:0;font-size:20px;font-style:normal;font-weight:400\">Chez Bourgeon, nous ne cr\u00e9ons pas simplement des sites web. Nous reconstruisons des identit\u00e9s num\u00e9riques fortes, strat\u00e9giques et durables pour accompagner les entreprises dans leur \u00e9volution.<\/p>\n<\/div>\n<\/div>\n<\/div>\n\n\n\n<div class=\"wp-block-group alignfull is-layout-constrained wp-container-core-group-is-layout-0da279a2 wp-block-group-is-layout-constrained\" style=\"padding-top:100px;padding-right:40px;padding-bottom:100px;padding-left:40px\">\n<p class=\"has-text-align-center animated fadeIn\" style=\"font-size:16px\">Nos valeurs<\/p>\n\n\n\n<h2 class=\"wp-block-heading alignfull has-text-align-center animated fadeIn\" style=\"padding-top:0;padding-right:20rem;padding-bottom:0;padding-left:20rem;font-size:54px\">Ce qui nous d\u00e9finie<\/h2>\n<\/div>\n\n\n\n<div class=\"ticker-outer\">\n  <div class=\"ticker-wrap scroll-right\">\n    <span>Collaboration <span style=\"margin: 0 25px;\">\u2022<\/span> Transparence <span style=\"margin: 0 25px;\">\u2022<\/span> Qualit\u00e9 <span style=\"margin: 0 25px;\">\u2022<\/span> Adaptabilit\u00e9 <span style=\"margin: 0 25px;\">\u2022<\/span> Engagement <span style=\"margin: 0 25px;\">\u2022<\/span> Cr\u00e9ativit\u00e9 <span style=\"margin: 0 25px;\">\u2022<\/span> Collaboration <span style=\"margin: 0 25px;\">\u2022<\/span> Transparence <span style=\"margin: 0 25px;\">\u2022<\/span> Qualit\u00e9 <span style=\"margin: 0 25px;\">\u2022<\/span> Adaptabilit\u00e9 <span style=\"margin: 0 25px;\">\u2022<\/span> Engagement <span style=\"margin: 0 25px;\">\u2022<\/span> Cr\u00e9ativit\u00e9 <span style=\"margin: 0 25px;\">\u2022<\/span><\/span>\n  <\/div>\n<\/div>\n\n<div class=\"ticker-outer\">\n  <div class=\"ticker-wrap scroll-left\">\n    <span>Collaboration <span style=\"margin: 0 25px;\">\u2022<\/span> Transparence <span style=\"margin: 0 25px;\">\u2022<\/span> Qualit\u00e9 <span style=\"margin: 0 25px;\">\u2022<\/span> Adaptabilit\u00e9 <span style=\"margin: 0 25px;\">\u2022<\/span> Engagement <span style=\"margin: 0 25px;\">\u2022<\/span> Cr\u00e9ativit\u00e9 <span style=\"margin: 0 25px;\">\u2022<\/span> Collaboration <span style=\"margin: 0 25px;\">\u2022<\/span> Transparence <span style=\"margin: 0 25px;\">\u2022<\/span> Qualit\u00e9 <span style=\"margin: 0 25px;\">\u2022<\/span> Adaptabilit\u00e9 <span style=\"margin: 0 25px;\">\u2022<\/span> Engagement <span style=\"margin: 0 25px;\">\u2022<\/span> Cr\u00e9ativit\u00e9 <span style=\"margin: 0 25px;\">\u2022<\/span><\/span>\n  <\/div>\n<\/div>\n\n\n\n<div class=\"wp-block-group alignfull has-ast-global-color-3-background-color has-background is-layout-constrained wp-block-group-is-layout-constrained\">\n<div class=\"wp-block-group has-black-background-color has-background is-vertical is-layout-flex wp-container-core-group-is-layout-83a4755c wp-block-group-is-layout-flex\" style=\"padding-top:200px;padding-right:300px;padding-bottom:200px;padding-left:300px\">\n<h2 class=\"wp-block-heading has-text-align-left animated fadeIn o-anim-offset-20% has-white-color has-text-color has-link-color wp-elements-7e162e2d19b1b2f3fff8795e0cdfc987\" style=\"padding-right:0px;padding-left:0px;font-size:54px\">Notre mission<\/h2>\n\n\n\n<p class=\"animated fadeIn delay-200ms o-anim-offset-20% has-white-color has-text-color has-link-color wp-elements-af177c2f912f40f5134f765ce6ca33e8\" style=\"padding-top:0;padding-right:0rem;padding-bottom:0;padding-left:0rem;font-size:20px\">Bourgeon s&rsquo;engage \u00e0 faire de sa mission de vous aider \u00e0 obtenir une identit\u00e9 et un site web parfaits. Nous garderons tout ce que vous d\u00e9sirez r\u00e9ellement conserver et nous nous attaquerons au reste afin d\u2019obtenir le meilleur r\u00e9sultat ! Faites-nous confiance avec vos id\u00e9es et vous n\u2019allez jamais le regretter.<\/p>\n<\/div>\n<\/div>\n\n\n\n\n\n<div class=\"wp-block-group is-vertical is-content-justification-center is-layout-flex wp-container-core-group-is-layout-0893cd0d wp-block-group-is-layout-flex\" style=\"padding-top:100px;padding-right:40px;padding-bottom:100px;padding-left:40px\">\n<h2 class=\"wp-block-heading has-text-align-center animated fadeIn o-anim-offset-20%\">Notre histoire<\/h2>\n\n\n\n<div class=\"wp-block-uagb-content-timeline uagb-timeline__outer-wrap uagb-block-03da1283 uagb-timeline__content-wrap uagb-timeline__center-block  uagb-timeline__arrow-center uagb-timeline\">\n<article class=\"wp-block-uagb-content-timeline-child uagb-timeline__field uagb-timeline-child-6162efc4 uagb-timeline__right animated fadeIn o-anim-offset-20%\"><div class=\"uagb-timeline__marker out-view-uagb-timeline__icon\"><svg xmlns=\"\" viewBox=\"0 0 256 512\"><\/svg><\/div><div class=\"uagb-timeline__day-new uagb-timeline__day-right uagb-timeline__events-inner-new\"><div class=\"uagb-timeline__events-inner--content\"><h3 class=\"uagb-timeline__heading\">2016 \u2013 Fondation<\/h3><p class=\"uagb-timeline-desc-content\">Cr\u00e9ation de l\u2019agence web par deux fondateurs.\u2028 Premiers contrats locaux et sp\u00e9cialisation en cr\u00e9ation de sites web et identit\u00e9 visuelle.<\/p><div class=\"uagb-timeline__arrow\"><\/div><\/div><\/div><div class=\"uagb-timeline__date-new\"><\/div><\/article>\n\n\n\n<article class=\"wp-block-uagb-content-timeline-child uagb-timeline__field uagb-timeline-child-5219a3bc uagb-timeline__left\"><div class=\"uagb-timeline__marker out-view-uagb-timeline__icon\"><svg xmlns=\"\" viewBox=\"0 0 256 512\"><\/svg><\/div><div class=\"uagb-timeline__day-new uagb-timeline__day-left uagb-timeline__events-inner-new\"><div class=\"uagb-timeline__events-inner--content\"><h3 class=\"uagb-timeline__heading\">2019 \u2013 Croissance structur\u00e9e<\/h3><p class=\"uagb-timeline-desc-content\">Embauche des premiers employ\u00e9s (designer + d\u00e9veloppeur). Ajout des services UX\/UI et positionnement comme agence cr\u00e9ative compl\u00e8te.<\/p><div class=\"uagb-timeline__arrow\"><\/div><\/div><\/div><div class=\"uagb-timeline__date-new\"><\/div><\/article>\n\n\n\n<article class=\"wp-block-uagb-content-timeline-child uagb-timeline__field uagb-timeline-child-4bf372f5 uagb-timeline__right\"><div class=\"uagb-timeline__marker out-view-uagb-timeline__icon\"><svg xmlns=\"\" viewBox=\"0 0 256 512\"><\/svg><\/div><div class=\"uagb-timeline__day-new uagb-timeline__day-right uagb-timeline__events-inner-new\"><div class=\"uagb-timeline__events-inner--content\"><h3 class=\"uagb-timeline__heading\">2022 \u2013 Expansion strat\u00e9gique<\/h3><p class=\"uagb-timeline-desc-content\">Augmentation de la client\u00e8le et projets d\u2019envergure plus importants. Mise en place de processus professionnels (m\u00e9thode Agile, gestion de projet). D\u00e9but de partenariats avec d\u2019autres entreprises.<\/p><div class=\"uagb-timeline__arrow\"><\/div><\/div><\/div><div class=\"uagb-timeline__date-new\"><\/div><\/article>\n\n\n\n<article class=\"wp-block-uagb-content-timeline-child uagb-timeline__field uagb-timeline-child-47b9cfbd uagb-timeline__left\"><div class=\"uagb-timeline__marker out-view-uagb-timeline__icon\"><svg xmlns=\"\" viewBox=\"0 0 256 512\"><\/svg><\/div><div class=\"uagb-timeline__day-new uagb-timeline__day-left uagb-timeline__events-inner-new\"><div class=\"uagb-timeline__events-inner--content\"><h3 class=\"uagb-timeline__heading\">2024 \u2013 Consolidation et notori\u00e9t\u00e9<\/h3><p class=\"uagb-timeline-desc-content\">\u00c9quipe \u00e9largie et structuration interne solide.\u2028 Obtention de contrats majeurs qui renforcent la r\u00e9putation de l\u2019agence.<\/p><div class=\"uagb-timeline__arrow\"><\/div><\/div><\/div><div class=\"uagb-timeline__date-new\"><\/div><\/article>\n\n\n\n<article class=\"wp-block-uagb-content-timeline-child uagb-timeline__field uagb-timeline-child-6aeb4433 uagb-timeline__right\"><div class=\"uagb-timeline__marker out-view-uagb-timeline__icon\"><svg xmlns=\"\" viewBox=\"0 0 256 512\"><\/svg><\/div><div class=\"uagb-timeline__day-new uagb-timeline__day-right uagb-timeline__events-inner-new\"><div class=\"uagb-timeline__events-inner--content\"><h3 class=\"uagb-timeline__heading\">2026 \u2013 Maturit\u00e9 et vision d\u2019avenir<\/h3><p class=\"uagb-timeline-desc-content\">Agence reconnue dans le domaine du UX\/UI et du rebranding. \u00c9quipe multidisciplinaire stable. Vision strat\u00e9gique ax\u00e9e sur l\u2019innovation et l\u2019exp\u00e9rience utilisateur.<\/p><div class=\"uagb-timeline__arrow\"><\/div><\/div><\/div><div class=\"uagb-timeline__date-new\"><\/div><\/article>\n<div class=\"uagb-timeline__line\"><div class=\"uagb-timeline__line__inner\"><\/div><\/div><\/div>\n<\/div>\n\n\n\n<div class=\"wp-block-group alignfull is-layout-constrained wp-container-core-group-is-layout-72d38984 wp-block-group-is-layout-constrained\" style=\"margin-top:0;margin-bottom:0;padding-top:0;padding-right:0;padding-bottom:0;padding-left:0\">\n<footer class=\"wp-block-uagb-container uagb-block-ddd3bee9 alignfull uagb-is-root-container\"><div class=\"uagb-container-inner-blocks-wrap\">\n<div class=\"wp-block-uagb-container uagb-block-450dacea\">\n<div class=\"wp-block-group is-vertical is-layout-flex wp-container-core-group-is-layout-fe9cc265 wp-block-group-is-layout-flex\">\n<div class=\"wp-block-uagb-advanced-heading uagb-block-215af328\"><h2 class=\"uagb-heading-text\"><a href=\"https:\/\/bbathalon.dectim.ca\/TP2\/\" data-type=\"page\" data-id=\"6\">Accueil<\/a><\/h2><\/div>\n\n\n\n<div class=\"wp-block-uagb-advanced-heading uagb-block-773f059c\"><h2 class=\"uagb-heading-text\"><a href=\"https:\/\/bbathalon.dectim.ca\/TP2\/service-general\/\" data-type=\"page\" data-id=\"546\">Nos services<\/a><\/h2><\/div>\n\n\n\n<div class=\"wp-block-uagb-advanced-heading uagb-block-45643ad9\"><h2 class=\"uagb-heading-text\"><a href=\"https:\/\/bbathalon.dectim.ca\/TP2\/equipe\/\" data-type=\"page\" data-id=\"13\">Notre \u00e9quipe<\/a><\/h2><\/div>\n<\/div>\n\n\n\n<div class=\"wp-block-group is-nowrap is-layout-flex wp-container-core-group-is-layout-bcde1d39 wp-block-group-is-layout-flex\" style=\"padding-top:0;padding-right:0;padding-bottom:0;padding-left:0\">\n<div class=\"wp-block-uagb-buttons uagb-buttons__outer-wrap uagb-btn__default-btn uagb-btn-tablet__default-btn uagb-btn-mobile__default-btn uagb-block-f836a5e5\"><div class=\"uagb-buttons__wrap uagb-buttons-layout-wrap \">\n<div class=\"wp-block-uagb-buttons-child uagb-buttons__outer-wrap uagb-block-3abbcdc1 wp-block-button\"><div class=\"uagb-button__wrapper\"><a class=\"uagb-buttons-repeater wp-block-button__link\" aria-label=\"\" href=\"#\" rel=\"follow noopener\" target=\"_self\" role=\"button\"><div class=\"uagb-button__link\">Travailler avec nous<\/div><\/a><\/div><\/div>\n<\/div><\/div>\n\n\n\n<p class=\"has-white-color has-text-color has-link-color wp-elements-3f1f5098e268fd613962d06607ed7341\"><a href=\"https:\/\/bbathalon.dectim.ca\/TP2\/contact-2\/\" data-type=\"page\" data-id=\"1200\">Nous contactez<\/a><\/p>\n\n\n\n<p class=\"has-white-color has-text-color has-link-color wp-elements-6c85afd3fc85d2f2616d6bd4f5210c66\"><a href=\"https:\/\/bbathalon.dectim.ca\/TP2\/a-propos\">\u00c0 propos<\/a><\/p>\n<\/div>\n<\/div>\n\n\n\n<div class=\"wp-block-uagb-container uagb-block-113c7874\">\n<div class=\"wp-block-group is-vertical is-layout-flex wp-container-core-group-is-layout-f98cf28f wp-block-group-is-layout-flex\" style=\"padding-top:0;padding-right:0;padding-bottom:0;padding-left:0\">\n<h3 class=\"wp-block-heading has-white-color has-text-color has-link-color wp-elements-566ab51d464190eff4d08a8c0b0706a6\">Ne perdez pas contact<\/h3>\n\n\n\n<div class=\"wp-block-group wp-container-content-9cfa9a5a is-horizontal is-content-justification-left is-nowrap is-layout-flex wp-container-core-group-is-layout-2ca09ece wp-block-group-is-layout-flex\" style=\"padding-top:0;padding-right:0;padding-bottom:0;padding-left:0\">\n<div class=\"wp-block-uagb-buttons uagb-buttons__outer-wrap uagb-btn__default-btn uagb-btn-tablet__default-btn uagb-btn-mobile__default-btn uagb-block-f08445f6\"><div class=\"uagb-buttons__wrap uagb-buttons-layout-wrap \">\n<div class=\"wp-block-uagb-buttons-child uagb-buttons__outer-wrap uagb-block-2081cccf wp-block-button\"><div class=\"uagb-button__wrapper\"><a class=\"uagb-buttons-repeater wp-block-button__link\" aria-label=\"\" href=\"#\" rel=\"follow noopener\" target=\"_self\" role=\"button\"><div class=\"uagb-button__link\">Votre courriel<\/div><\/a><\/div><\/div>\n<\/div><\/div>\n\n\n      \n\t\t\t<div class=\"uagb-icon-wrapper uagb-block-0118d32f  wp-block-uagb-icon--has-margin    \"\n\t\t\tstyle=\"\" >\n\t\t\t\t\t\t\t\t<div class='uagb-icon-margin-wrapper'>\n\t\t\t\t\t\t\t\t\t<span class=\"uagb-svg-wrapper\" \n\t\t\t\t\t aria-label=\"arrow-right\"\t\t\t\t\ttabindex=\"0\">\t\t\n\t\t\t\t\t\t\t\t\t\t<svg xmlns=\"https:\/\/www.w3.org\/2000\/svg\" viewBox= \"0 0 448 512\" role=\"graphics-symbol\" aria-hidden=\"false\" aria-label=\"\"><path d=\"M438.6 278.6l-160 160C272.4 444.9 264.2 448 256 448s-16.38-3.125-22.62-9.375c-12.5-12.5-12.5-32.75 0-45.25L338.8 288H32C14.33 288 .0016 273.7 .0016 256S14.33 224 32 224h306.8l-105.4-105.4c-12.5-12.5-12.5-32.75 0-45.25s32.75-12.5 45.25 0l160 160C451.1 245.9 451.1 266.1 438.6 278.6z\"><\/path><\/svg>\n\t\t\t\t\t\t\t\t\t<\/span>\n\t\t\t\t\t\t\t\t<\/div>\n\t\t\t\t\t\t\t<\/div>\n\t\t\t<\/div>\n<\/div>\n<\/div>\n\n\n\n<div class=\"wp-block-uagb-container uagb-block-045a1e4d\">\n<div class=\"wp-block-group has-ast-global-color-4-color has-text-color has-link-color wp-elements-4f7afe889166ade8bfd5a338cfabe832 is-nowrap is-layout-flex wp-container-core-group-is-layout-bcde1d39 wp-block-group-is-layout-flex\" style=\"padding-top:0;padding-right:0;padding-bottom:0;padding-left:0\">      \n\t\t\t<div class=\"uagb-icon-wrapper uagb-block-ec7aa148  wp-block-uagb-icon--has-margin    \"\n\t\t\tstyle=\"\" >\n\t\t\t\t\t\t\t\t<div class='uagb-icon-margin-wrapper'>\n\t\t\t\t\t\t\t\t\t<span class=\"uagb-svg-wrapper\" \n\t\t\t\t\t aria-label=\"instagram\"\t\t\t\t\ttabindex=\"0\">\t\t\n\t\t\t\t\t\t\t\t\t\t<svg xmlns=\"https:\/\/www.w3.org\/2000\/svg\" viewBox= \"0 0 448 512\" role=\"graphics-symbol\" aria-hidden=\"false\" aria-label=\"\"><path d=\"M224.1 141c-63.6 0-114.9 51.3-114.9 114.9s51.3 114.9 114.9 114.9S339 319.5 339 255.9 287.7 141 224.1 141zm0 189.6c-41.1 0-74.7-33.5-74.7-74.7s33.5-74.7 74.7-74.7 74.7 33.5 74.7 74.7-33.6 74.7-74.7 74.7zm146.4-194.3c0 14.9-12 26.8-26.8 26.8-14.9 0-26.8-12-26.8-26.8s12-26.8 26.8-26.8 26.8 12 26.8 26.8zm76.1 27.2c-1.7-35.9-9.9-67.7-36.2-93.9-26.2-26.2-58-34.4-93.9-36.2-37-2.1-147.9-2.1-184.9 0-35.8 1.7-67.6 9.9-93.9 36.1s-34.4 58-36.2 93.9c-2.1 37-2.1 147.9 0 184.9 1.7 35.9 9.9 67.7 36.2 93.9s58 34.4 93.9 36.2c37 2.1 147.9 2.1 184.9 0 35.9-1.7 67.7-9.9 93.9-36.2 26.2-26.2 34.4-58 36.2-93.9 2.1-37 2.1-147.8 0-184.8zM398.8 388c-7.8 19.6-22.9 34.7-42.6 42.6-29.5 11.7-99.5 9-132.1 9s-102.7 2.6-132.1-9c-19.6-7.8-34.7-22.9-42.6-42.6-11.7-29.5-9-99.5-9-132.1s-2.6-102.7 9-132.1c7.8-19.6 22.9-34.7 42.6-42.6 29.5-11.7 99.5-9 132.1-9s102.7-2.6 132.1 9c19.6 7.8 34.7 22.9 42.6 42.6 11.7 29.5 9 99.5 9 132.1s2.7 102.7-9 132.1z\"><\/path><\/svg>\n\t\t\t\t\t\t\t\t\t<\/span>\n\t\t\t\t\t\t\t\t<\/div>\n\t\t\t\t\t\t\t<\/div>\n\t\t\t\n\n\n<p>Instagram<\/p>\n<\/div>\n\n\n\n<div class=\"wp-block-group has-ast-global-color-4-color has-text-color has-link-color wp-elements-d3594db671e351e40bc5df0c3cae3d7c is-nowrap is-layout-flex wp-container-core-group-is-layout-bcde1d39 wp-block-group-is-layout-flex\" style=\"padding-top:0;padding-right:0;padding-bottom:0;padding-left:0\">      \n\t\t\t<div class=\"uagb-icon-wrapper uagb-block-022072b2      \"\n\t\t\tstyle=\"\" >\n\t\t\t\t\t\t\t\t\t<span class=\"uagb-svg-wrapper\" \n\t\t\t\t\t aria-label=\"facebook-f\"\t\t\t\t\ttabindex=\"0\">\t\t\n\t\t\t\t\t\t\t\t\t\t<svg xmlns=\"https:\/\/www.w3.org\/2000\/svg\" viewBox= \"0 0 320 512\" role=\"graphics-symbol\" aria-hidden=\"false\" aria-label=\"\"><path d=\"M279.1 288l14.22-92.66h-88.91v-60.13c0-25.35 12.42-50.06 52.24-50.06h40.42V6.26S260.4 0 225.4 0c-73.22 0-121.1 44.38-121.1 124.7v70.62H22.89V288h81.39v224h100.2V288z\"><\/path><\/svg>\n\t\t\t\t\t\t\t\t\t<\/span>\n\t\t\t\t\t\t\t<\/div>\n\t\t\t\n\n\n<p>Facebook<\/p>\n<\/div>\n\n\n\n<div class=\"wp-block-group has-ast-global-color-4-color has-text-color has-link-color wp-elements-b22cd58dcb517fb79af9bf58ccbd1699 is-nowrap is-layout-flex wp-container-core-group-is-layout-bcde1d39 wp-block-group-is-layout-flex\" style=\"padding-top:0;padding-right:0;padding-bottom:0;padding-left:0\">      \n\t\t\t<div class=\"uagb-icon-wrapper uagb-block-371b33b2      \"\n\t\t\tstyle=\"\" >\n\t\t\t\t\t\t\t\t\t<span class=\"uagb-svg-wrapper\" \n\t\t\t\t\t aria-label=\"youtube\"\t\t\t\t\ttabindex=\"0\">\t\t\n\t\t\t\t\t\t\t\t\t\t<svg xmlns=\"https:\/\/www.w3.org\/2000\/svg\" viewBox= \"0 0 576 512\" role=\"graphics-symbol\" aria-hidden=\"false\" aria-label=\"\"><path d=\"M549.7 124.1c-6.281-23.65-24.79-42.28-48.28-48.6C458.8 64 288 64 288 64S117.2 64 74.63 75.49c-23.5 6.322-42 24.95-48.28 48.6-11.41 42.87-11.41 132.3-11.41 132.3s0 89.44 11.41 132.3c6.281 23.65 24.79 41.5 48.28 47.82C117.2 448 288 448 288 448s170.8 0 213.4-11.49c23.5-6.321 42-24.17 48.28-47.82 11.41-42.87 11.41-132.3 11.41-132.3s0-89.44-11.41-132.3zm-317.5 213.5V175.2l142.7 81.21-142.7 81.2z\"><\/path><\/svg>\n\t\t\t\t\t\t\t\t\t<\/span>\n\t\t\t\t\t\t\t<\/div>\n\t\t\t\n\n\n<p>Youtube<\/p>\n<\/div>\n\n\n\n<div class=\"wp-block-group has-ast-global-color-4-color has-text-color has-link-color wp-elements-2c26355a1a4c3d74920ed8ea823a1057 is-nowrap is-layout-flex wp-container-core-group-is-layout-bcde1d39 wp-block-group-is-layout-flex\" style=\"padding-top:0;padding-right:0;padding-bottom:0;padding-left:0\">      \n\t\t\t<div class=\"uagb-icon-wrapper uagb-block-8d22dcd9      \"\n\t\t\tstyle=\"\" >\n\t\t\t\t\t\t\t\t\t<span class=\"uagb-svg-wrapper\" \n\t\t\t\t\t aria-label=\"behance\"\t\t\t\t\ttabindex=\"0\">\t\t\n\t\t\t\t\t\t\t\t\t\t<svg xmlns=\"https:\/\/www.w3.org\/2000\/svg\" viewBox= \"0 0 576 512\" role=\"graphics-symbol\" aria-hidden=\"false\" aria-label=\"\"><path d=\"M232 237.2c31.8-15.2 48.4-38.2 48.4-74 0-70.6-52.6-87.8-113.3-87.8H0v354.4h171.8c64.4 0 124.9-30.9 124.9-102.9 0-44.5-21.1-77.4-64.7-89.7zM77.9 135.9H151c28.1 0 53.4 7.9 53.4 40.5 0 30.1-19.7 42.2-47.5 42.2h-79v-82.7zm83.3 233.7H77.9V272h84.9c34.3 0 56 14.3 56 50.6 0 35.8-25.9 47-57.6 47zm358.5-240.7H376V94h143.7v34.9zM576 305.2c0-75.9-44.4-139.2-124.9-139.2-78.2 0-131.3 58.8-131.3 135.8 0 79.9 50.3 134.7 131.3 134.7 61.3 0 101-27.6 120.1-86.3H509c-6.7 21.9-34.3 33.5-55.7 33.5-41.3 0-63-24.2-63-65.3h185.1c.3-4.2 .6-8.7 .6-13.2zM390.4 274c2.3-33.7 24.7-54.8 58.5-54.8 35.4 0 53.2 20.8 56.2 54.8H390.4z\"><\/path><\/svg>\n\t\t\t\t\t\t\t\t\t<\/span>\n\t\t\t\t\t\t\t<\/div>\n\t\t\t\n\n\n<p>Behance<\/p>\n<\/div>\n<\/div>\n<\/div><\/footer>\n\n\n\n<div class=\"wp-block-group alignfull has-ast-global-color-0-background-color has-background is-layout-constrained wp-container-core-group-is-layout-c06d165c wp-block-group-is-layout-constrained\" style=\"padding-top:0;padding-right:0;padding-bottom:0;padding-left:0\">\n<p class=\"has-text-align-center has-ast-global-color-0-background-color has-background has-small-font-size\">\u00a9 2026 Bourgeon. Tous droits r\u00e9serv\u00e9s. Con\u00e7u et reconstruit avec ambition.<\/p>\n<\/div>\n<\/div>\n","protected":false},"excerpt":{"rendered":"<p>Un peu plus \u00e0 propos de nous. Chez Bourgeon, nous ne cr\u00e9ons pas simplement des sites web. Nous reconstruisons des [&hellip;]<\/p>\n","protected":false},"author":1,"featured_media":0,"parent":0,"menu_order":0,"comment_status":"closed","ping_status":"closed","template":"","meta":{"_uag_custom_page_level_css":"","site-sidebar-layout":"default","site-content-layout":"","ast-site-content-layout":"default","site-content-style":"default","site-sidebar-style":"default","ast-global-header-display":"","ast-banner-title-visibility":"","ast-main-header-display":"","ast-hfb-above-header-display":"","ast-hfb-below-header-display":"","ast-hfb-mobile-header-display":"","site-post-title":"disabled","ast-breadcrumbs-content":"","ast-featured-img":"","footer-sml-layout":"","ast-disable-related-posts":"","theme-transparent-header-meta":"","adv-header-id-meta":"","stick-header-meta":"","header-above-stick-meta":"","header-main-stick-meta":"","header-below-stick-meta":"","astra-migrate-meta-layouts":"default","ast-page-background-enabled":"default","ast-page-background-meta":{"desktop":{"background-color":"var(--ast-global-color-5)","background-image":"","background-repeat":"repeat","background-position":"center center","background-size":"auto","background-attachment":"scroll","background-type":"","background-media":"","overlay-type":"","overlay-color":"","overlay-opacity":"","overlay-gradient":""},"tablet":{"background-color":"","background-image":"","background-repeat":"repeat","background-position":"center center","background-size":"auto","background-attachment":"scroll","background-type":"","background-media":"","overlay-type":"","overlay-color":"","overlay-opacity":"","overlay-gradient":""},"mobile":{"background-color":"","background-image":"","background-repeat":"repeat","background-position":"center center","background-size":"auto","background-attachment":"scroll","background-type":"","background-media":"","overlay-type":"","overlay-color":"","overlay-opacity":"","overlay-gradient":""}},"ast-content-background-meta":{"desktop":{"background-color":"var(--ast-global-color-4)","background-image":"","background-repeat":"repeat","background-position":"center center","background-size":"auto","background-attachment":"scroll","background-type":"","background-media":"","overlay-type":"","overlay-color":"","overlay-opacity":"","overlay-gradient":""},"tablet":{"background-color":"var(--ast-global-color-4)","background-image":"","background-repeat":"repeat","background-position":"center center","background-size":"auto","background-attachment":"scroll","background-type":"","background-media":"","overlay-type":"","overlay-color":"","overlay-opacity":"","overlay-gradient":""},"mobile":{"background-color":"var(--ast-global-color-4)","background-image":"","background-repeat":"repeat","background-position":"center center","background-size":"auto","background-attachment":"scroll","background-type":"","background-media":"","overlay-type":"","overlay-color":"","overlay-opacity":"","overlay-gradient":""}},"_themeisle_gutenberg_block_has_review":false,"footnotes":""},"class_list":["post-9","page","type-page","status-publish","hentry"],"uagb_featured_image_src":{"full":false,"thumbnail":false,"medium":false,"medium_large":false,"large":false,"1536x1536":false,"2048x2048":false,"awb_sm":false,"awb_md":false,"awb_lg":false,"awb_xl":false},"uagb_author_info":{"display_name":"benjamin_b","author_link":"https:\/\/bbathalon.dectim.ca\/TP2\/author\/benjamin_b\/"},"uagb_comment_info":0,"uagb_excerpt":"Un peu plus \u00e0 propos de nous. Chez Bourgeon, nous ne cr\u00e9ons pas simplement des sites web. Nous reconstruisons des [&hellip;]","_links":{"self":[{"href":"https:\/\/bbathalon.dectim.ca\/TP2\/wp-json\/wp\/v2\/pages\/9","targetHints":{"allow":["GET"]}}],"collection":[{"href":"https:\/\/bbathalon.dectim.ca\/TP2\/wp-json\/wp\/v2\/pages"}],"about":[{"href":"https:\/\/bbathalon.dectim.ca\/TP2\/wp-json\/wp\/v2\/types\/page"}],"author":[{"embeddable":true,"href":"https:\/\/bbathalon.dectim.ca\/TP2\/wp-json\/wp\/v2\/users\/1"}],"replies":[{"embeddable":true,"href":"https:\/\/bbathalon.dectim.ca\/TP2\/wp-json\/wp\/v2\/comments?post=9"}],"version-history":[{"count":126,"href":"https:\/\/bbathalon.dectim.ca\/TP2\/wp-json\/wp\/v2\/pages\/9\/revisions"}],"predecessor-version":[{"id":2270,"href":"https:\/\/bbathalon.dectim.ca\/TP2\/wp-json\/wp\/v2\/pages\/9\/revisions\/2270"}],"wp:attachment":[{"href":"https:\/\/bbathalon.dectim.ca\/TP2\/wp-json\/wp\/v2\/media?parent=9"}],"curies":[{"name":"wp","href":"https:\/\/api.w.org\/{rel}","templated":true}]}}